{"id":668,"date":"2022-05-12T10:55:50","date_gmt":"2022-05-12T08:55:50","guid":{"rendered":"https:\/\/www.hb9lc.ch\/?page_id=668"},"modified":"2026-03-03T12:53:14","modified_gmt":"2026-03-03T10:53:14","slug":"devenir-radioamateur","status":"publish","type":"page","link":"https:\/\/www.hb9lc.ch\/index.php\/devenir-radioamateur\/","title":{"rendered":"Devenir radioamateur (2026)"},"content":{"rendered":"<h4>Vous trouverez ici tous les documents n\u00e9cessaires pour devenir radioamateur<br \/>\n(Novice HB3 ou CEPT HB9)<\/h4>\n<h5>D\u00e9finitions:<\/h5>\n<p><a href=\"https:\/\/www.hb9lc.ch\/wp-content\/uploads\/2022\/05\/explications-radioamateur.pdf\">explications radioamateur<\/a><\/p>\n<p><a href=\"https:\/\/www.hb9lc.ch\/wp-content\/uploads\/2022\/05\/prescriptions-loi-te\u0301le\u0301communication.pdf\">prescriptions loi te\u0301le\u0301communication<\/a><\/p>\n<h5>Pr\u00e9paration aux examens:<\/h5>\n<p><a href=\"https:\/\/www.bakom.admin.ch\/fr\/examens-de-radioamateur\" target=\"_blank\" rel=\"noopener\">Radio-amateurs &#8211; tous les liens<\/a><\/p>\n<h5>Inscription \u00e0 l&rsquo;examen:<\/h5>\n<p><a href=\"https:\/\/www.egov.swiss\/fr\/examens-radioamateur\/cept-description\">Nouveau 2026: inscriptions aux examens<\/a><\/p>\n<p><span style=\"color: #0000ff;\">Office f\u00e9d\u00e9ral de la communication<\/span><br \/>\n<span style=\"color: #0000ff;\">Section Concessions de radiocommunication <\/span><br \/>\n<span style=\"color: #0000ff;\">Rue de l&rsquo;Avenir 44<\/span><br \/>\n<span style=\"color: #0000ff;\">Case postale 256<\/span><br \/>\n<span style=\"color: #0000ff;\">2501 <span style=\"text-decoration: underline;\">Biel\/Bienne<\/span><\/span><\/p>\n<p><a href=\"mailto:kf-fk@bakom.admin.ch\" target=\"_self\">kf-fk@bakom.admin.ch<\/a><\/p>\n<p><a href=\"https:\/\/www.egov.swiss\/fr\/radio\/contact-kf-fk-fnkprf\">formulaire de contact<\/a><\/p>\n<h5>Tr\u00e8s bon site par <span style=\"color: #000000;\">Olivier Pilloud <\/span>l&rsquo;auteur du livre de r\u00e9f\u00e9rence pour l&rsquo;\u00e9tude radioamateur<\/h5>\n<p><a href=\"http:\/\/www.pilloud.net\/op_web\/\" target=\"_blank\" rel=\"noopener\">Le radioamateur &#8211; pr\u00e9paration<\/a><\/p>\n<h5>Plus d&rsquo;information officielles via le site de l&rsquo;USKA (<span style=\"color: #ff0000;\">malheureusement liens en Allemand<\/span>)<\/h5>\n<p><a href=\"https:\/\/www.uska.ch\/fr\/info\/\" target=\"_blank\" rel=\"noopener\">Page d&rsquo;information USKA<\/a><\/p>\n","protected":false},"excerpt":{"rendered":"<p>Vous trouverez ici tous les documents n\u00e9cessaires pour devenir radioamateur (Novice HB3 ou CEPT HB9) D\u00e9finitions: explications radioamateur prescriptions loi te\u0301le\u0301communication Pr\u00e9paration aux examens: Radio-amateurs &#8211; tous les liens Inscription \u00e0 l&rsquo;examen: Nouveau 2026: inscriptions aux examens Office f\u00e9d\u00e9ral de <span class=\"excerpt-dots\">&hellip;<\/span> <a class=\"more-link\" href=\"https:\/\/www.hb9lc.ch\/index.php\/devenir-radioamateur\/\"><span class=\"more-msg\">Lire la suite &rarr;<\/span><\/a><\/p>\n","protected":false},"author":2,"featured_media":0,"parent":0,"menu_order":0,"comment_status":"closed","ping_status":"closed","template":"","meta":{"footnotes":""},"class_list":["post-668","page","type-page","status-publish","hentry"],"_links":{"self":[{"href":"https:\/\/www.hb9lc.ch\/index.php\/wp-json\/wp\/v2\/pages\/668","targetHints":{"allow":["GET"]}}],"collection":[{"href":"https:\/\/www.hb9lc.ch\/index.php\/wp-json\/wp\/v2\/pages"}],"about":[{"href":"https:\/\/www.hb9lc.ch\/index.php\/wp-json\/wp\/v2\/types\/page"}],"author":[{"embeddable":true,"href":"https:\/\/www.hb9lc.ch\/index.php\/wp-json\/wp\/v2\/users\/2"}],"replies":[{"embeddable":true,"href":"https:\/\/www.hb9lc.ch\/index.php\/wp-json\/wp\/v2\/comments?post=668"}],"version-history":[{"count":13,"href":"https:\/\/www.hb9lc.ch\/index.php\/wp-json\/wp\/v2\/pages\/668\/revisions"}],"predecessor-version":[{"id":1821,"href":"https:\/\/www.hb9lc.ch\/index.php\/wp-json\/wp\/v2\/pages\/668\/revisions\/1821"}],"wp:attachment":[{"href":"https:\/\/www.hb9lc.ch\/index.php\/wp-json\/wp\/v2\/media?parent=668"}],"curies":[{"name":"wp","href":"https:\/\/api.w.org\/{rel}","templated":true}]}}