{"id":65,"date":"2021-12-23T07:58:06","date_gmt":"2021-12-23T07:58:06","guid":{"rendered":"https:\/\/www.hb9lc.ch\/USKA-SEMONE\/?page_id=65"},"modified":"2026-03-03T12:42:16","modified_gmt":"2026-03-03T10:42:16","slug":"relais","status":"publish","type":"page","link":"https:\/\/www.hb9lc.ch\/index.php\/relais\/","title":{"rendered":"Nos relais (2026)"},"content":{"rendered":"\n<p>Echo, HB9LC, relais monofr\u00e9quence \u00e0 r\u00e9p\u00e9tition (perroquet): <strong>145.225 MHz<\/strong>, 1750Hz, QTH: <a href=\"https:\/\/buvette-lemaillard.ch\" target=\"_blank\" rel=\"noreferrer noopener\">Le Maillard<\/a>.<br>La couverture est \u00e0 environ 30-50 Km de son lieu d&rsquo;\u00e9mission.<br><br>DMR\/Dstar: HB9LC \/ HB9LC__B, TX <strong>438.525 MHz<\/strong>, RX 430.925 MHz (-7.6 MHz). QTH: La Chaux-de-Fonds. <br>DMR: R\u00e9seau <a href=\"https:\/\/brandmeister.network\/?page=repeater&amp;id=228202\" target=\"_blank\" rel=\"noopener\">Brandmeister<\/a>, TS1: libre pour tout TG \u00e0 la demande, TS2: TG 22815 permanent, color code: 1.<br>Dstar: Libre pour toute connexion \u00e0 la demande. <br>La couverture est d&rsquo;environ \u00e0 20-25 Km de La Chaux-de-Fonds.<\/p>\n\n\n\n<p><\/p>\n\n\n\n<p><\/p>\n","protected":false},"excerpt":{"rendered":"<p>Echo, HB9LC, relais monofr\u00e9quence \u00e0 r\u00e9p\u00e9tition (perroquet): 145.225 MHz, 1750Hz, QTH: Le Maillard.La couverture est \u00e0 environ 30-50 Km de son lieu d&rsquo;\u00e9mission. DMR\/Dstar: HB9LC \/ HB9LC__B, TX 438.525 MHz, RX 430.925 MHz (-7.6 MHz). QTH: La Chaux-de-Fonds. DMR: R\u00e9seau <span class=\"excerpt-dots\">&hellip;<\/span> <a class=\"more-link\" href=\"https:\/\/www.hb9lc.ch\/index.php\/relais\/\"><span class=\"more-msg\">Lire la suite &rarr;<\/span><\/a><\/p>\n","protected":false},"author":1,"featured_media":0,"parent":0,"menu_order":0,"comment_status":"closed","ping_status":"closed","template":"","meta":{"footnotes":""},"class_list":["post-65","page","type-page","status-publish","hentry"],"_links":{"self":[{"href":"https:\/\/www.hb9lc.ch\/index.php\/wp-json\/wp\/v2\/pages\/65","targetHints":{"allow":["GET"]}}],"collection":[{"href":"https:\/\/www.hb9lc.ch\/index.php\/wp-json\/wp\/v2\/pages"}],"about":[{"href":"https:\/\/www.hb9lc.ch\/index.php\/wp-json\/wp\/v2\/types\/page"}],"author":[{"embeddable":true,"href":"https:\/\/www.hb9lc.ch\/index.php\/wp-json\/wp\/v2\/users\/1"}],"replies":[{"embeddable":true,"href":"https:\/\/www.hb9lc.ch\/index.php\/wp-json\/wp\/v2\/comments?post=65"}],"version-history":[{"count":12,"href":"https:\/\/www.hb9lc.ch\/index.php\/wp-json\/wp\/v2\/pages\/65\/revisions"}],"predecessor-version":[{"id":1816,"href":"https:\/\/www.hb9lc.ch\/index.php\/wp-json\/wp\/v2\/pages\/65\/revisions\/1816"}],"wp:attachment":[{"href":"https:\/\/www.hb9lc.ch\/index.php\/wp-json\/wp\/v2\/media?parent=65"}],"curies":[{"name":"wp","href":"https:\/\/api.w.org\/{rel}","templated":true}]}}