{"id":359,"date":"2022-02-04T11:53:20","date_gmt":"2022-02-04T10:53:20","guid":{"rendered":"https:\/\/www.hb9lc.ch\/USKA-SEMONE\/?page_id=359"},"modified":"2025-01-05T20:43:40","modified_gmt":"2025-01-05T18:43:40","slug":"reglages-des-relais","status":"publish","type":"page","link":"https:\/\/www.hb9lc.ch\/index.php\/pratiques-radio\/reglages-tx\/reglages-des-relais\/","title":{"rendered":"Liste des relais"},"content":{"rendered":"<p>Les r\u00e9glages des relais VHF et UHF pour bien commencer<\/p>\n<p><strong>HB9XC Chasseral<\/strong><br \/>\n438.725 MHz d\u00e9calage -7.600 MHz<br \/>\nD\u00e9clenchement : CTCSS 67Hz<br \/>\nQTH: Chasseral<\/p>\n<p><span style=\"color: #0000ff;\"><strong>Fr\u00e9quences num\u00e9riques pour le haut du canton:<\/strong><\/span><br \/>\nC4FM \/ DSTAR 145.375 &amp; 433.450 MHz Simplex<\/p>\n<p><strong>HB9UCQ T\u00eate-de-Ran<\/strong><br \/>\nRelais VHF\/C4FM\/D-STAR<br \/>\n145.7375 d\u00e9calage -600KHz Tonalit\u00e9 67Hz<\/p>\n<p><strong>HB9LC Le Maillard<\/strong>:<br \/>\n145.225 MHZ Relais Echo 30 secondes<br \/>\nD\u00e9clenchement : Tonalit\u00e9 <strong>1750<\/strong> hertz<br \/>\nQTH : Le Maillard<\/p>\n<p><strong>Relais HB9LC &#8211; B<\/strong><br \/>\nDMR TG 22815 438.525 MHz<br \/>\nDSTAR 438.525 MHz<br \/>\nShift -7.6 MHz<br \/>\nQTH : La Chaux-de-Fonds HB9EPM<\/p>\n<p><strong>Relais HB9LC &#8211; C<\/strong><br \/>\n145.587.5 MHz XRF115A<br \/>\nQTH : Le Locle<\/p>\n","protected":false},"excerpt":{"rendered":"<p>Les r\u00e9glages des relais VHF et UHF pour bien commencer HB9XC Chasseral 438.725 MHz d\u00e9calage -7.600 MHz D\u00e9clenchement : CTCSS 67Hz QTH: Chasseral Fr\u00e9quences num\u00e9riques pour le haut du canton: C4FM \/ DSTAR 145.375 &amp; 433.450 MHz Simplex HB9UCQ T\u00eate-de-Ran <span class=\"excerpt-dots\">&hellip;<\/span> <a class=\"more-link\" href=\"https:\/\/www.hb9lc.ch\/index.php\/pratiques-radio\/reglages-tx\/reglages-des-relais\/\"><span class=\"more-msg\">Lire la suite &rarr;<\/span><\/a><\/p>\n","protected":false},"author":2,"featured_media":0,"parent":350,"menu_order":0,"comment_status":"closed","ping_status":"closed","template":"","meta":{"footnotes":""},"class_list":["post-359","page","type-page","status-publish","hentry"],"_links":{"self":[{"href":"https:\/\/www.hb9lc.ch\/index.php\/wp-json\/wp\/v2\/pages\/359","targetHints":{"allow":["GET"]}}],"collection":[{"href":"https:\/\/www.hb9lc.ch\/index.php\/wp-json\/wp\/v2\/pages"}],"about":[{"href":"https:\/\/www.hb9lc.ch\/index.php\/wp-json\/wp\/v2\/types\/page"}],"author":[{"embeddable":true,"href":"https:\/\/www.hb9lc.ch\/index.php\/wp-json\/wp\/v2\/users\/2"}],"replies":[{"embeddable":true,"href":"https:\/\/www.hb9lc.ch\/index.php\/wp-json\/wp\/v2\/comments?post=359"}],"version-history":[{"count":10,"href":"https:\/\/www.hb9lc.ch\/index.php\/wp-json\/wp\/v2\/pages\/359\/revisions"}],"predecessor-version":[{"id":1400,"href":"https:\/\/www.hb9lc.ch\/index.php\/wp-json\/wp\/v2\/pages\/359\/revisions\/1400"}],"up":[{"embeddable":true,"href":"https:\/\/www.hb9lc.ch\/index.php\/wp-json\/wp\/v2\/pages\/350"}],"wp:attachment":[{"href":"https:\/\/www.hb9lc.ch\/index.php\/wp-json\/wp\/v2\/media?parent=359"}],"curies":[{"name":"wp","href":"https:\/\/api.w.org\/{rel}","templated":true}]}}