{"id":356,"date":"2022-02-04T11:52:37","date_gmt":"2022-02-04T10:52:37","guid":{"rendered":"https:\/\/www.hb9lc.ch\/USKA-SEMONE\/?page_id=356"},"modified":"2022-02-04T12:09:11","modified_gmt":"2022-02-04T11:09:11","slug":"reglages-dmr","status":"publish","type":"page","link":"https:\/\/www.hb9lc.ch\/index.php\/pratiques-radio\/reglages-tx\/reglages-dmr\/","title":{"rendered":"R\u00e9glages DMR"},"content":{"rendered":"<p>R\u00e9glages de base DMR &#8211; les TG principaux \u00e0 ajouter<\/p>\n<h5>DMR<\/h5>\n<div>Enregistrement DMR pour avoir un ID (tu devras envoyer copie de ta carte de radio-amateur)<\/div>\n<div><a href=\"https:\/\/www.radioid.net\/account\/register#!\">Enregistremnet obligatoire HB3 ou HB9<\/a><\/div>\n<div><\/div>\n<div>Pour \u00e9couter les QSO (sur relais, pas toujours OK pour les utilisateur de Hot-Spots)<\/div>\n<div><a href=\"https:\/\/hose.brandmeister.network\/#\/\">Ecoute depuis un navigateur Web sur PC\/Mac<\/a><\/div>\n<div><\/div>\n<div>Le logiciel Peanut<\/div>\n<div><a href=\"https:\/\/www.pa7lim.nl\/peanut\/\" target=\"_blank\" rel=\"noopener\" data-saferedirecturl=\"https:\/\/www.google.com\/url?q=https:\/\/www.pa7lim.nl\/peanut\/&amp;source=gmail&amp;ust=1644056493975000&amp;usg=AOvVaw3kADOBhT_5AD7m9eIn2tio\">Logiciel sur PC pour \u00e9couter<\/a><\/div>\n<div><\/div>\n<h6>Les TalkGroups:<\/h6>\n<p>Les TG sont des \u00ab\u00a0groupes\u00a0\u00bb ou des \u00ab\u00a0salons\u00a0\u00bb dans lesquels les QSO ont lieu<\/p>\n<ul>\n<li>22815 Chx-Neuchatel<\/li>\n<li>22811 Vaud (tr\u00e8s actif)<\/li>\n<li>208 (blabla la France)<\/li>\n<li><\/li>\n<\/ul>\n<h6><span id=\"m_776245614845802444gmail-Talk_Groups_on_Time_Slot_2\">Talk Groups sur Time Slot 2<\/span><\/h6>\n<div>\n<ul>\n<li><strong>2280<\/strong> \u2013 Suisse al\u00e9manique<\/li>\n<li><strong>2281<\/strong> \u2013 Suisse romande<\/li>\n<li><strong>2282<\/strong> \u2013 <span class=\"il\">Valais<\/span><\/li>\n<li><strong>2283<\/strong> \u2013 Berne \/ Soleure<\/li>\n<li><strong>2284<\/strong> \u2013 B\u00e2le<\/li>\n<li><strong>2285<\/strong> \u2013 Argovie \/ Suisse centrale<\/li>\n<li><strong>2286<\/strong> \u2013 Tessin<\/li>\n<li><strong>2287<\/strong> \u2013 Grisons<\/li>\n<li><strong>2288<\/strong> \u2013 Zurich<\/li>\n<li><strong>2289<\/strong> \u2013 Suisse\u00a0orientale<\/li>\n<li><strong>22811<\/strong> \u2013 Vaud \u2013 connexion avec\u00a0 WIRES-X Room \u201eHB9VD-ROOM\u201c (Node 27095) et <a href=\"http:\/\/reflector.hb9vd.ch\/ysf\" target=\"_blank\" rel=\"noopener\" data-saferedirecturl=\"https:\/\/www.google.com\/url?q=http:\/\/reflector.hb9vd.ch\/ysf&amp;source=gmail&amp;ust=1644056493975000&amp;usg=AOvVaw2gGtboMFPMpxD2SoxEJzxW\">YSF 15280 CH HB9VD<\/a><\/li>\n<li><strong>22812<\/strong>\u00a0\u2013 Gen\u00e8ve<\/li>\n<li><strong>22813<\/strong> \u2013 Alpes Vaudoises<\/li>\n<li><strong>22815<\/strong> \u2013 Neuch\u00e2tel<\/li>\n<li><strong>22817<\/strong> \u2013 Fribourg<\/li>\n<li><strong>9<\/strong> \u2013 Local<\/li>\n<\/ul>\n<\/div>\n","protected":false},"excerpt":{"rendered":"<p>R\u00e9glages de base DMR &#8211; les TG principaux \u00e0 ajouter DMR Enregistrement DMR pour avoir un ID (tu devras envoyer copie de ta carte de radio-amateur) Enregistremnet obligatoire HB3 ou HB9 Pour \u00e9couter les QSO (sur relais, pas toujours OK <span class=\"excerpt-dots\">&hellip;<\/span> <a class=\"more-link\" href=\"https:\/\/www.hb9lc.ch\/index.php\/pratiques-radio\/reglages-tx\/reglages-dmr\/\"><span class=\"more-msg\">Lire la suite &rarr;<\/span><\/a><\/p>\n","protected":false},"author":2,"featured_media":0,"parent":350,"menu_order":0,"comment_status":"closed","ping_status":"closed","template":"","meta":{"footnotes":""},"class_list":["post-356","page","type-page","status-publish","hentry"],"_links":{"self":[{"href":"https:\/\/www.hb9lc.ch\/index.php\/wp-json\/wp\/v2\/pages\/356","targetHints":{"allow":["GET"]}}],"collection":[{"href":"https:\/\/www.hb9lc.ch\/index.php\/wp-json\/wp\/v2\/pages"}],"about":[{"href":"https:\/\/www.hb9lc.ch\/index.php\/wp-json\/wp\/v2\/types\/page"}],"author":[{"embeddable":true,"href":"https:\/\/www.hb9lc.ch\/index.php\/wp-json\/wp\/v2\/users\/2"}],"replies":[{"embeddable":true,"href":"https:\/\/www.hb9lc.ch\/index.php\/wp-json\/wp\/v2\/comments?post=356"}],"version-history":[{"count":4,"href":"https:\/\/www.hb9lc.ch\/index.php\/wp-json\/wp\/v2\/pages\/356\/revisions"}],"predecessor-version":[{"id":367,"href":"https:\/\/www.hb9lc.ch\/index.php\/wp-json\/wp\/v2\/pages\/356\/revisions\/367"}],"up":[{"embeddable":true,"href":"https:\/\/www.hb9lc.ch\/index.php\/wp-json\/wp\/v2\/pages\/350"}],"wp:attachment":[{"href":"https:\/\/www.hb9lc.ch\/index.php\/wp-json\/wp\/v2\/media?parent=356"}],"curies":[{"name":"wp","href":"https:\/\/api.w.org\/{rel}","templated":true}]}}