{"id":350,"date":"2022-02-04T11:27:11","date_gmt":"2022-02-04T10:27:11","guid":{"rendered":"https:\/\/www.hb9lc.ch\/USKA-SEMONE\/?page_id=350"},"modified":"2022-02-04T11:55:12","modified_gmt":"2022-02-04T10:55:12","slug":"reglages-tx","status":"publish","type":"page","link":"https:\/\/www.hb9lc.ch\/index.php\/pratiques-radio\/reglages-tx\/","title":{"rendered":"R\u00e9glages du TX"},"content":{"rendered":"<p>Pour bien commencer avec son \u00e9quipement, une liste des relais de la r\u00e9gion ainsi que les TG DMR et quelques astuces.<\/p>\n<div>\n<ul>\n<li><\/li>\n<\/ul>\n<\/div>\n","protected":false},"excerpt":{"rendered":"<p>Pour bien commencer avec son \u00e9quipement, une liste des relais de la r\u00e9gion ainsi que les TG DMR et quelques astuces.<\/p>\n <a class=\"more-link\" href=\"https:\/\/www.hb9lc.ch\/index.php\/pratiques-radio\/reglages-tx\/\"><span class=\"more-msg\">Lire la suite &rarr;<\/span><\/a>","protected":false},"author":2,"featured_media":0,"parent":288,"menu_order":0,"comment_status":"closed","ping_status":"closed","template":"","meta":{"footnotes":""},"class_list":["post-350","page","type-page","status-publish","hentry"],"_links":{"self":[{"href":"https:\/\/www.hb9lc.ch\/index.php\/wp-json\/wp\/v2\/pages\/350","targetHints":{"allow":["GET"]}}],"collection":[{"href":"https:\/\/www.hb9lc.ch\/index.php\/wp-json\/wp\/v2\/pages"}],"about":[{"href":"https:\/\/www.hb9lc.ch\/index.php\/wp-json\/wp\/v2\/types\/page"}],"author":[{"embeddable":true,"href":"https:\/\/www.hb9lc.ch\/index.php\/wp-json\/wp\/v2\/users\/2"}],"replies":[{"embeddable":true,"href":"https:\/\/www.hb9lc.ch\/index.php\/wp-json\/wp\/v2\/comments?post=350"}],"version-history":[{"count":4,"href":"https:\/\/www.hb9lc.ch\/index.php\/wp-json\/wp\/v2\/pages\/350\/revisions"}],"predecessor-version":[{"id":362,"href":"https:\/\/www.hb9lc.ch\/index.php\/wp-json\/wp\/v2\/pages\/350\/revisions\/362"}],"up":[{"embeddable":true,"href":"https:\/\/www.hb9lc.ch\/index.php\/wp-json\/wp\/v2\/pages\/288"}],"wp:attachment":[{"href":"https:\/\/www.hb9lc.ch\/index.php\/wp-json\/wp\/v2\/media?parent=350"}],"curies":[{"name":"wp","href":"https:\/\/api.w.org\/{rel}","templated":true}]}}