{"id":318,"date":"2022-02-04T10:28:26","date_gmt":"2022-02-04T09:28:26","guid":{"rendered":"https:\/\/www.hb9lc.ch\/USKA-SEMONE\/?page_id=318"},"modified":"2022-02-04T10:41:56","modified_gmt":"2022-02-04T09:41:56","slug":"shf","status":"publish","type":"page","link":"https:\/\/www.hb9lc.ch\/index.php\/technique\/antennes\/shf\/","title":{"rendered":"SHF"},"content":{"rendered":"<p>Antennes SHF de 3 GHz et plus haut<\/p>\n<p>les mod\u00e8les les plus courants sont pour les fr\u00e9quences 1200 MHz et ensuite pour les fr\u00e9quences satellites et TV<\/p>\n","protected":false},"excerpt":{"rendered":"<p>Antennes SHF de 3 GHz et plus haut les mod\u00e8les les plus courants sont pour les fr\u00e9quences 1200 MHz et ensuite pour les fr\u00e9quences satellites et TV<\/p>\n <a class=\"more-link\" href=\"https:\/\/www.hb9lc.ch\/index.php\/technique\/antennes\/shf\/\"><span class=\"more-msg\">Lire la suite &rarr;<\/span><\/a>","protected":false},"author":2,"featured_media":0,"parent":308,"menu_order":0,"comment_status":"closed","ping_status":"closed","template":"","meta":{"footnotes":""},"class_list":["post-318","page","type-page","status-publish","hentry"],"_links":{"self":[{"href":"https:\/\/www.hb9lc.ch\/index.php\/wp-json\/wp\/v2\/pages\/318","targetHints":{"allow":["GET"]}}],"collection":[{"href":"https:\/\/www.hb9lc.ch\/index.php\/wp-json\/wp\/v2\/pages"}],"about":[{"href":"https:\/\/www.hb9lc.ch\/index.php\/wp-json\/wp\/v2\/types\/page"}],"author":[{"embeddable":true,"href":"https:\/\/www.hb9lc.ch\/index.php\/wp-json\/wp\/v2\/users\/2"}],"replies":[{"embeddable":true,"href":"https:\/\/www.hb9lc.ch\/index.php\/wp-json\/wp\/v2\/comments?post=318"}],"version-history":[{"count":4,"href":"https:\/\/www.hb9lc.ch\/index.php\/wp-json\/wp\/v2\/pages\/318\/revisions"}],"predecessor-version":[{"id":330,"href":"https:\/\/www.hb9lc.ch\/index.php\/wp-json\/wp\/v2\/pages\/318\/revisions\/330"}],"up":[{"embeddable":true,"href":"https:\/\/www.hb9lc.ch\/index.php\/wp-json\/wp\/v2\/pages\/308"}],"wp:attachment":[{"href":"https:\/\/www.hb9lc.ch\/index.php\/wp-json\/wp\/v2\/media?parent=318"}],"curies":[{"name":"wp","href":"https:\/\/api.w.org\/{rel}","templated":true}]}}