{"id":316,"date":"2022-02-04T10:28:13","date_gmt":"2022-02-04T09:28:13","guid":{"rendered":"https:\/\/www.hb9lc.ch\/USKA-SEMONE\/?page_id=316"},"modified":"2022-02-04T10:38:12","modified_gmt":"2022-02-04T09:38:12","slug":"uhf","status":"publish","type":"page","link":"https:\/\/www.hb9lc.ch\/index.php\/technique\/antennes\/uhf\/","title":{"rendered":"UHF"},"content":{"rendered":"<p>Antennes UHF de 300 MHz &#8211; 3 GHz bande 1m \u00e0 10cm<\/p>\n<p>les mod\u00e8les les plus courants sont pour les fr\u00e9quences 430 MHz \u00e0 440 MHz (70cm &#8211; relais etc)<\/p>\n<p>ainsi que pour les fr\u00e9quences sp\u00e9ciales PMR (446 MHz) ADSB (1090MHz)<\/p>\n","protected":false},"excerpt":{"rendered":"<p>Antennes UHF de 300 MHz &#8211; 3 GHz bande 1m \u00e0 10cm les mod\u00e8les les plus courants sont pour les fr\u00e9quences 430 MHz \u00e0 440 MHz (70cm &#8211; relais etc) ainsi que pour les fr\u00e9quences sp\u00e9ciales PMR (446 MHz) ADSB <span class=\"excerpt-dots\">&hellip;<\/span> <a class=\"more-link\" href=\"https:\/\/www.hb9lc.ch\/index.php\/technique\/antennes\/uhf\/\"><span class=\"more-msg\">Lire la suite &rarr;<\/span><\/a><\/p>\n","protected":false},"author":2,"featured_media":0,"parent":308,"menu_order":0,"comment_status":"closed","ping_status":"closed","template":"","meta":{"footnotes":""},"class_list":["post-316","page","type-page","status-publish","hentry"],"_links":{"self":[{"href":"https:\/\/www.hb9lc.ch\/index.php\/wp-json\/wp\/v2\/pages\/316","targetHints":{"allow":["GET"]}}],"collection":[{"href":"https:\/\/www.hb9lc.ch\/index.php\/wp-json\/wp\/v2\/pages"}],"about":[{"href":"https:\/\/www.hb9lc.ch\/index.php\/wp-json\/wp\/v2\/types\/page"}],"author":[{"embeddable":true,"href":"https:\/\/www.hb9lc.ch\/index.php\/wp-json\/wp\/v2\/users\/2"}],"replies":[{"embeddable":true,"href":"https:\/\/www.hb9lc.ch\/index.php\/wp-json\/wp\/v2\/comments?post=316"}],"version-history":[{"count":3,"href":"https:\/\/www.hb9lc.ch\/index.php\/wp-json\/wp\/v2\/pages\/316\/revisions"}],"predecessor-version":[{"id":327,"href":"https:\/\/www.hb9lc.ch\/index.php\/wp-json\/wp\/v2\/pages\/316\/revisions\/327"}],"up":[{"embeddable":true,"href":"https:\/\/www.hb9lc.ch\/index.php\/wp-json\/wp\/v2\/pages\/308"}],"wp:attachment":[{"href":"https:\/\/www.hb9lc.ch\/index.php\/wp-json\/wp\/v2\/media?parent=316"}],"curies":[{"name":"wp","href":"https:\/\/api.w.org\/{rel}","templated":true}]}}