{"id":288,"date":"2022-02-04T09:48:15","date_gmt":"2022-02-04T08:48:15","guid":{"rendered":"https:\/\/www.hb9lc.ch\/USKA-SEMONE\/?page_id=288"},"modified":"2024-02-10T15:57:00","modified_gmt":"2024-02-10T13:57:00","slug":"pratiques-radio","status":"publish","type":"page","link":"https:\/\/www.hb9lc.ch\/index.php\/pratiques-radio\/","title":{"rendered":"Pratiques radio"},"content":{"rendered":"<p>On trouve ici les principaux outils pour le radioamateur<\/p>\n<p>Pr\u00e9visions de propagation, la m\u00e9t\u00e9o pour savoir si on peut sortir ou s&rsquo;il faudra plier les antennes et quelques webcams qui nous indiquent s&rsquo;il fait plus beau ailleurs.<br \/>\nLes propositions pour d&rsquo;autres liens sont volontiers accept\u00e9es.<\/p>\n<p><a href=\"https:\/\/www.hb9lc.ch\/index.php\/qsos-du-club\/\">QSO du club<\/a><\/p>\n<p><a href=\"https:\/\/www.hb9lc.ch\/index.php\/pratiques-radio\/propagation\/\">Propagation<\/a><\/p>\n<p><a href=\"https:\/\/www.hb9lc.ch\/index.php\/pratiques-radio\/dx-pedition\/\">DX Spedition<\/a><\/p>\n<p><a href=\"https:\/\/www.hb9lc.ch\/index.php\/pratiques-radio\/meteo\/\">Meteo<\/a><\/p>\n<p><a href=\"https:\/\/www.hb9lc.ch\/index.php\/pratiques-radio\/webcams\/\">WebCams<\/a><\/p>\n","protected":false},"excerpt":{"rendered":"<p>On trouve ici les principaux outils pour le radioamateur Pr\u00e9visions de propagation, la m\u00e9t\u00e9o pour savoir si on peut sortir ou s&rsquo;il faudra plier les antennes et quelques webcams qui nous indiquent s&rsquo;il fait plus beau ailleurs. Les propositions pour <span class=\"excerpt-dots\">&hellip;<\/span> <a class=\"more-link\" href=\"https:\/\/www.hb9lc.ch\/index.php\/pratiques-radio\/\"><span class=\"more-msg\">Lire la suite &rarr;<\/span><\/a><\/p>\n","protected":false},"author":2,"featured_media":0,"parent":0,"menu_order":0,"comment_status":"closed","ping_status":"closed","template":"","meta":{"footnotes":""},"class_list":["post-288","page","type-page","status-publish","hentry"],"_links":{"self":[{"href":"https:\/\/www.hb9lc.ch\/index.php\/wp-json\/wp\/v2\/pages\/288","targetHints":{"allow":["GET"]}}],"collection":[{"href":"https:\/\/www.hb9lc.ch\/index.php\/wp-json\/wp\/v2\/pages"}],"about":[{"href":"https:\/\/www.hb9lc.ch\/index.php\/wp-json\/wp\/v2\/types\/page"}],"author":[{"embeddable":true,"href":"https:\/\/www.hb9lc.ch\/index.php\/wp-json\/wp\/v2\/users\/2"}],"replies":[{"embeddable":true,"href":"https:\/\/www.hb9lc.ch\/index.php\/wp-json\/wp\/v2\/comments?post=288"}],"version-history":[{"count":6,"href":"https:\/\/www.hb9lc.ch\/index.php\/wp-json\/wp\/v2\/pages\/288\/revisions"}],"predecessor-version":[{"id":1141,"href":"https:\/\/www.hb9lc.ch\/index.php\/wp-json\/wp\/v2\/pages\/288\/revisions\/1141"}],"wp:attachment":[{"href":"https:\/\/www.hb9lc.ch\/index.php\/wp-json\/wp\/v2\/media?parent=288"}],"curies":[{"name":"wp","href":"https:\/\/api.w.org\/{rel}","templated":true}]}}