{"id":268,"date":"2022-02-04T08:51:57","date_gmt":"2022-02-04T07:51:57","guid":{"rendered":"https:\/\/www.hb9lc.ch\/USKA-SEMONE\/?page_id=268"},"modified":"2024-02-10T16:08:51","modified_gmt":"2024-02-10T14:08:51","slug":"meteo","status":"publish","type":"page","link":"https:\/\/www.hb9lc.ch\/index.php\/pratiques-radio\/meteo\/","title":{"rendered":"M\u00e9t\u00e9o"},"content":{"rendered":"<p><strong>M\u00e9t\u00e9o<\/strong><\/p>\n<ul>\n<li><a href=\"https:\/\/www.meteoswiss.admin.ch\/home.html?tab=overview\" target=\"_blank\" rel=\"noopener\">M\u00e9t\u00e9o Suisse<\/a><\/li>\n<\/ul>\n\n\n<p><\/p>\n","protected":false},"excerpt":{"rendered":"<p>M\u00e9t\u00e9o M\u00e9t\u00e9o Suisse<\/p>\n <a class=\"more-link\" href=\"https:\/\/www.hb9lc.ch\/index.php\/pratiques-radio\/meteo\/\"><span class=\"more-msg\">Lire la suite &rarr;<\/span><\/a>","protected":false},"author":2,"featured_media":0,"parent":288,"menu_order":4,"comment_status":"closed","ping_status":"closed","template":"","meta":{"footnotes":""},"class_list":["post-268","page","type-page","status-publish","hentry"],"_links":{"self":[{"href":"https:\/\/www.hb9lc.ch\/index.php\/wp-json\/wp\/v2\/pages\/268","targetHints":{"allow":["GET"]}}],"collection":[{"href":"https:\/\/www.hb9lc.ch\/index.php\/wp-json\/wp\/v2\/pages"}],"about":[{"href":"https:\/\/www.hb9lc.ch\/index.php\/wp-json\/wp\/v2\/types\/page"}],"author":[{"embeddable":true,"href":"https:\/\/www.hb9lc.ch\/index.php\/wp-json\/wp\/v2\/users\/2"}],"replies":[{"embeddable":true,"href":"https:\/\/www.hb9lc.ch\/index.php\/wp-json\/wp\/v2\/comments?post=268"}],"version-history":[{"count":11,"href":"https:\/\/www.hb9lc.ch\/index.php\/wp-json\/wp\/v2\/pages\/268\/revisions"}],"predecessor-version":[{"id":512,"href":"https:\/\/www.hb9lc.ch\/index.php\/wp-json\/wp\/v2\/pages\/268\/revisions\/512"}],"up":[{"embeddable":true,"href":"https:\/\/www.hb9lc.ch\/index.php\/wp-json\/wp\/v2\/pages\/288"}],"wp:attachment":[{"href":"https:\/\/www.hb9lc.ch\/index.php\/wp-json\/wp\/v2\/media?parent=268"}],"curies":[{"name":"wp","href":"https:\/\/api.w.org\/{rel}","templated":true}]}}