{"id":215,"date":"2022-01-29T16:28:20","date_gmt":"2022-01-29T15:28:20","guid":{"rendered":"https:\/\/www.hb9lc.ch\/USKA-SEMONE\/?page_id=215"},"modified":"2022-01-29T17:13:53","modified_gmt":"2022-01-29T16:13:53","slug":"dstar","status":"publish","type":"page","link":"https:\/\/www.hb9lc.ch\/index.php\/technique\/modes-digitaux\/dstar\/","title":{"rendered":"DSTAR"},"content":{"rendered":"<p><strong>DSTAR<\/strong><\/p>\n<p><b>DSTAR<\/b> (<b>Digital Smart Technologies for Amateur Radio<\/b>) est un protocole de communication pour la voix et les donn\u00e9es d\u00e9velopp\u00e9 par l&rsquo;<a class=\"new\" title=\"Japan Amateur Radio League (page inexistante)\" href=\"https:\/\/fr.wikipedia.org\/w\/index.php?title=Japan_Amateur_Radio_League&amp;action=edit&amp;redlink=1\">association des radioamateurs japonais<\/a>\u00a0<a class=\"extiw\" title=\"en:Japan Amateur Radio League\" href=\"https:\/\/en.wikipedia.org\/wiki\/Japan_Amateur_Radio_League\"><span class=\"indicateur-langue\" title=\"Article en anglais\u00a0: \u00ab\u00a0Japan Amateur Radio League\u00a0\u00bb\">(en)<\/span><\/a> (JARL) pour exp\u00e9rimenter les technologies num\u00e9riques dans le cadre du <a title=\"Radioamateur\" href=\"https:\/\/fr.wikipedia.org\/wiki\/Radioamateur\">radioamateurisme<\/a>. \u00c0 la diff\u00e9rence d&rsquo;autres technologies num\u00e9riques utilis\u00e9es par les radioamateurs et qui sont adapt\u00e9es \u00e0 d&rsquo;autres usages, D-STAR est l&rsquo;un des premiers standards de radio num\u00e9rique con\u00e7u sp\u00e9cifiquement pour les radioamateurs, d\u00e9ploy\u00e9 \u00e0 grande \u00e9chelle, et pour lequel des appareils sont disponibles aupr\u00e8s de trois fabricants: <a href=\"https:\/\/www.hb9lc.ch\/USKA-SEMONE\/index.php\/icom\/\">ICOM<\/a> <a href=\"https:\/\/www.hb9lc.ch\/USKA-SEMONE\/index.php\/kenwood\/\">KENWOOD<\/a> <a href=\"https:\/\/www.flexradio.com\/products\/flex-6600m-signature-series-sdr-transceiver\/\">FLEXRADIO<\/a><\/p>\n<p>D-STAR est utilisable sur les bandes radioamateurs <a title=\"Tr\u00e8s haute fr\u00e9quence\" href=\"https:\/\/fr.wikipedia.org\/wiki\/Tr%C3%A8s_haute_fr%C3%A9quence\">VHF<\/a>, <a class=\"mw-redirect\" title=\"Ultra-haute fr\u00e9quence\" href=\"https:\/\/fr.wikipedia.org\/wiki\/Ultra-haute_fr%C3%A9quence\">UHF<\/a> et micro-ondes. En plus des protocoles de radio, D-STAR sp\u00e9cifie \u00e9galement une m\u00e9thode de connexion r\u00e9seau, permettant aux radios d&rsquo;\u00eatre connect\u00e9es \u00e0 Internet et \u00e0 d&rsquo;autres r\u00e9seaux, ainsi que des moyens de router des flux voix ou donn\u00e9es gr\u00e2ce aux indicatifs radioamateurs.<\/p>\n<p>il utilise le <a class=\"survol\" title=\"codec multi-bande (MBE) est une s\u00e9rie de standards de codage de la parole d\u00e9velopp\u00e9s par Digital Voice Systems\">codec AMBE<\/a><\/p>\n","protected":false},"excerpt":{"rendered":"<p>DSTAR DSTAR (Digital Smart Technologies for Amateur Radio) est un protocole de communication pour la voix et les donn\u00e9es d\u00e9velopp\u00e9 par l&rsquo;association des radioamateurs japonais\u00a0(en) (JARL) pour exp\u00e9rimenter les technologies num\u00e9riques dans le cadre du radioamateurisme. \u00c0 la diff\u00e9rence d&rsquo;autres <span class=\"excerpt-dots\">&hellip;<\/span> <a class=\"more-link\" href=\"https:\/\/www.hb9lc.ch\/index.php\/technique\/modes-digitaux\/dstar\/\"><span class=\"more-msg\">Lire la suite &rarr;<\/span><\/a><\/p>\n","protected":false},"author":2,"featured_media":0,"parent":202,"menu_order":0,"comment_status":"closed","ping_status":"closed","template":"","meta":{"footnotes":""},"class_list":["post-215","page","type-page","status-publish","hentry"],"_links":{"self":[{"href":"https:\/\/www.hb9lc.ch\/index.php\/wp-json\/wp\/v2\/pages\/215","targetHints":{"allow":["GET"]}}],"collection":[{"href":"https:\/\/www.hb9lc.ch\/index.php\/wp-json\/wp\/v2\/pages"}],"about":[{"href":"https:\/\/www.hb9lc.ch\/index.php\/wp-json\/wp\/v2\/types\/page"}],"author":[{"embeddable":true,"href":"https:\/\/www.hb9lc.ch\/index.php\/wp-json\/wp\/v2\/users\/2"}],"replies":[{"embeddable":true,"href":"https:\/\/www.hb9lc.ch\/index.php\/wp-json\/wp\/v2\/comments?post=215"}],"version-history":[{"count":5,"href":"https:\/\/www.hb9lc.ch\/index.php\/wp-json\/wp\/v2\/pages\/215\/revisions"}],"predecessor-version":[{"id":235,"href":"https:\/\/www.hb9lc.ch\/index.php\/wp-json\/wp\/v2\/pages\/215\/revisions\/235"}],"up":[{"embeddable":true,"href":"https:\/\/www.hb9lc.ch\/index.php\/wp-json\/wp\/v2\/pages\/202"}],"wp:attachment":[{"href":"https:\/\/www.hb9lc.ch\/index.php\/wp-json\/wp\/v2\/media?parent=215"}],"curies":[{"name":"wp","href":"https:\/\/api.w.org\/{rel}","templated":true}]}}