{"id":208,"date":"2022-01-29T16:15:25","date_gmt":"2022-01-29T15:15:25","guid":{"rendered":"https:\/\/www.hb9lc.ch\/USKA-SEMONE\/?page_id=208"},"modified":"2022-04-30T15:04:52","modified_gmt":"2022-04-30T13:04:52","slug":"dmr","status":"publish","type":"page","link":"https:\/\/www.hb9lc.ch\/index.php\/technique\/modes-digitaux\/dmr\/","title":{"rendered":"DMR"},"content":{"rendered":"<p>DMR<br \/>\nLe r\u00e9seau num\u00e9rique DMR, pour Digital Mobile Radio, est une norme professionnelle. Ouverte pour une utilisation mondiale, celle-ci fonctionne selon une convention \u00e9tablie par l\u2019European Telecommunication Standard Institute \u00ab\u00a0ETSI\u00a0\u00bb. La DMR offre de multiples possibilit\u00e9s de communication.<\/p>\n<p>Principe de base :<\/p>\n<p>LogoDMR F6UGWCr\u00e9er \u00e0 l\u2019origine pour les professionnels [PME-PMI, administrations et collectivit\u00e9s locales], cette technologie pr\u00e9sente de gros avantages comme celui de doubler la capacit\u00e9 spectrale, en divisant le canal de liaison en deux voix communicantes sur la m\u00eame bande passante : ici de 12,5 KHz (FxE et FxD). La DMR, int\u00e8gre \u00e9galement un service de transmission de donn\u00e9es unique &#8211; sans la transmission de la parole &#8211; avec une classe d&rsquo;\u00e9mission FxD (Excursion de fr\u00e9quence de 7,6 KHz pour une Bp de 12,5 KHz), afin d\u2019augmenter le rendement, pour prendre en charge de multiples applications. Tous comme pour l\u2019utilisation du r\u00e9seau Echolink, la DMR s\u2019appuie sur une formalit\u00e9 administrative \u2013 qui consiste \u00e0 envoyer une copie (scan, image, \u2026) de son certificat d\u2019op\u00e9rateur, etc. -, pour prouver notre appartenance aux mondes des radioamateurs, pour pouvoir \u00eatre utilis\u00e9.<\/p>\n<p>Fonctionnement :<\/p>\n<p>Le DMR peut \u00eatre mis en \u0153uvre sur les canaux analogiques, en appliquant une modulation par d\u00e9placement de fr\u00e9quence (MDF): plus connue sous le nom de Frequency Shift Keying (FSK) \u00e0 quatre niveaux (4 \u2013FSK). C\u2019est une modulation de fr\u00e9quence num\u00e9rique, qui peut \u00eatre combin\u00e9 sous la forme de plusieurs signaux num\u00e9riques de classe d\u2019\u00e9mission F7W, et qui emploi un signal modul\u00e9 sur une fr\u00e9quence pr\u00e9d\u00e9termin\u00e9e : exemple, sur 430,375 MHz.<\/p>\n<p>Il existe deux possibilit\u00e9s d\u2019utilisation pour le DMR : le vocodeur TDMA (Time Division Multiple Access), qui utilise deux sous canaux pour disposer d\u2019une capacit\u00e9 \u00ab suppl\u00e9mentaire \u00bb dans la m\u00eame bande passante de 12,5 KHz. Tandis que le vocodeur FDMA (Frequency Division Multiple Access), exploite une bande passante sp\u00e9cifique pour d\u00e9finir un canal pour une fr\u00e9quence. Cependant, et pour des raisons \u00e9conomiques et pratique, le vocodeur TDMA est le dispositif le plus employ\u00e9, car il double les capacit\u00e9s d\u2019utilisation en deux intervalles de temps &#8211; time slot 1 (TS1) et time slot 2 (TS2) &#8211; pour une m\u00eame bande passante (12,5 KHz).<\/p>\n<p>TDMA et FDMA<\/p>\n<p>Mat\u00e9riels :<\/p>\n<p>Depuis son entr\u00e9e sur le march\u00e9, plusieurs marques proposent des appareils ayant la capacit\u00e9 d\u2019\u00eatre utilis\u00e9 en DMR : Hyt\u00e9ra, Tytera\u2026 (Id\u00e9al pour une utilisation radioamateur), Motorola, Vertex \/ Yaesu, Tait, Selex, Simoco. Pour ce qui me concerne, j\u2019exploite les fonctionnalit\u00e9s num\u00e9riques ou analogiques, d\u2019un \u00e9metteur-r\u00e9cepteur portatif de marque TYT \u00ab\u00a0Tyt\u00e9ra\u00a0\u00bb, mod\u00e8le MD-380. Largement suffisant pour se lancer dans cette pratique.<\/p>\n<p>Parmi les principales caract\u00e9ristiques, nous trouvons :<br \/>\nTYT MD 380 F6UGW<br \/>\nLe mode TDMA, qui double le nombre d\u2019utilisateurs.<br \/>\nLe pas en fr\u00e9quence de 12,5 KHz, qui est la norme standard pour g\u00e9rer le protocole num\u00e9rique. Notez que cela est le m\u00eame pour l\u2019analogique !<br \/>\nGestion des appels priv\u00e9s, group\u00e9s, etc.<br \/>\nPrise en charge du CTCSS, DCS, balayage automatique.<\/p>\n<p><a href=\"https:\/\/brandmeister.network\/index.php?page=lh&amp;country=228\" target=\"_blank\" rel=\"noopener\">DMR 228 activit\u00e9<\/a><\/p>\n","protected":false},"excerpt":{"rendered":"<p>DMR Le r\u00e9seau num\u00e9rique DMR, pour Digital Mobile Radio, est une norme professionnelle. Ouverte pour une utilisation mondiale, celle-ci fonctionne selon une convention \u00e9tablie par l\u2019European Telecommunication Standard Institute \u00ab\u00a0ETSI\u00a0\u00bb. La DMR offre de multiples possibilit\u00e9s de communication. Principe de <span class=\"excerpt-dots\">&hellip;<\/span> <a class=\"more-link\" href=\"https:\/\/www.hb9lc.ch\/index.php\/technique\/modes-digitaux\/dmr\/\"><span class=\"more-msg\">Lire la suite &rarr;<\/span><\/a><\/p>\n","protected":false},"author":2,"featured_media":0,"parent":202,"menu_order":0,"comment_status":"closed","ping_status":"closed","template":"","meta":{"footnotes":""},"class_list":["post-208","page","type-page","status-publish","hentry"],"_links":{"self":[{"href":"https:\/\/www.hb9lc.ch\/index.php\/wp-json\/wp\/v2\/pages\/208","targetHints":{"allow":["GET"]}}],"collection":[{"href":"https:\/\/www.hb9lc.ch\/index.php\/wp-json\/wp\/v2\/pages"}],"about":[{"href":"https:\/\/www.hb9lc.ch\/index.php\/wp-json\/wp\/v2\/types\/page"}],"author":[{"embeddable":true,"href":"https:\/\/www.hb9lc.ch\/index.php\/wp-json\/wp\/v2\/users\/2"}],"replies":[{"embeddable":true,"href":"https:\/\/www.hb9lc.ch\/index.php\/wp-json\/wp\/v2\/comments?post=208"}],"version-history":[{"count":3,"href":"https:\/\/www.hb9lc.ch\/index.php\/wp-json\/wp\/v2\/pages\/208\/revisions"}],"predecessor-version":[{"id":639,"href":"https:\/\/www.hb9lc.ch\/index.php\/wp-json\/wp\/v2\/pages\/208\/revisions\/639"}],"up":[{"embeddable":true,"href":"https:\/\/www.hb9lc.ch\/index.php\/wp-json\/wp\/v2\/pages\/202"}],"wp:attachment":[{"href":"https:\/\/www.hb9lc.ch\/index.php\/wp-json\/wp\/v2\/media?parent=208"}],"curies":[{"name":"wp","href":"https:\/\/api.w.org\/{rel}","templated":true}]}}