{"id":205,"date":"2022-01-29T16:13:54","date_gmt":"2022-01-29T15:13:54","guid":{"rendered":"https:\/\/www.hb9lc.ch\/USKA-SEMONE\/?page_id=205"},"modified":"2022-02-04T09:05:29","modified_gmt":"2022-02-04T08:05:29","slug":"c4fm","status":"publish","type":"page","link":"https:\/\/www.hb9lc.ch\/index.php\/technique\/modes-digitaux\/c4fm\/","title":{"rendered":"C4FM"},"content":{"rendered":"<p>Le C4FM est un mode <strong>propri\u00e9taire<\/strong><br \/>\nqui appartient \u00e0 Yaesu<\/p>\n<p>C4FM Fusion &#8211; (Wires-X = liaison internet)- HAM Radio<\/p>\n<p>D\u00e9velopp\u00e9 par Yaesu, fournisseur d\u2019\u00e9quipement radio\u00e9lectrique g\u00e9n\u00e9raliste, bien connu chez les radioamateurs, le syst\u00e8me fusion (C4FM) a d\u2019abord \u00e9t\u00e9 pr\u00e9sent chez les professionnels, avant d\u2019\u00eatre disponible pour les radioamateurs. Le syst\u00e8me fusion (C4FM) est un mode de communication relativement r\u00e9cent.<br \/>\nFonctionnement :<\/p>\n<p>Au d\u00e9but des ann\u00e9es 2000, une modulation sp\u00e9cifique, pour la norme t\u00e9l\u00e9phonique (GSM), est apparue chez les radioamateurs : le GMSK, pour modulation \u00e0 d\u00e9placement minimum gaussien (Gaussian minimum-shift keying). Il n\u2019en fallait pas plus pour un d\u00e9veloppement professionnel. Ainsi, le System Fusion a fait son entr\u00e9 en 2013 et est rapidement devenu une norme chez les radioamateurs. Loin de toute connotation chimique ou m\u00e9tallurgique (fusion), il s\u2019agirait plut\u00f4t d\u2019une migration progressive d\u2019un syst\u00e8me analogique ancien, mais toujours performant, vers un syst\u00e8me num\u00e9rique qui doit encore faire ces preuves<\/p>\n<p>Pour revenir au fonctionnement, et pour faire simple, le mode C4FM \u2013 tous comme pour le DMR \u2013 peut \u00eatre exploit\u00e9 sur les canaux <strong>analogiques des radioamateurs<\/strong>, en appliquant une modulation par d\u00e9placement de fr\u00e9quence (MDF) : plus connu sous le nom de Frequency Shift Keying (FSK) \u00e0 quatre niveaux (4 \u2013 FSK). Le principe est de s\u00e9parer les communications en <strong>deux sous canaux de 6,25 KHz pour une m\u00eame bande passante de 12,5 KHz.<\/strong><\/p>\n<p>Exploitant les caract\u00e9ristiques du vocodeur FDMA (Frequency Division Multiple Access), le C4FM utilise une bande passante sp\u00e9cifique pour d\u00e9finir un canal de fr\u00e9quence \u00e0 bande \u00e9troite (DN = Digital Narrow). Par rapport aux autres modulations num\u00e9riques, disponibles sous le vocodeur FDMA, (DMR, D-Star) le syst\u00e8me fusion poss\u00e8de de bonnes aptitudes de communication, tout en g\u00e9rant au mieux les taux d\u2019erreurs binaires (BER : Bit Error Rate characteristics)[1]. \u00c0 l\u2019heure actuelle, le FDMA tant \u00e0 ce normaliser.<\/p>\n<p>De multiples possibilit\u00e9s :<\/p>\n<p>Le C4FM, int\u00e8gre une compatibilit\u00e9 avec le mode analogique traditionnel \u00ab\u00a0F3E\u00a0\u00bb (modulation de fr\u00e9quence \u00ab\u00a0FM\u00a0\u00bb), tout en exploitant les vertus d\u2019une communication r\u00e9volutionnaire. Ainsi, les modes num\u00e9riques, dont le C4FM, offrent la possibilit\u00e9 d\u2019utiliser le syst\u00e8me de transmission le mieux adapt\u00e9 en fonction de la situation : FM analogique ou num\u00e9rique \u00ab\u00a0C4FM\u00a0\u00bb (ou DMR, D-START, Echolink&#8230;). Parmi les possibilit\u00e9s de liaisons, nous trouvons :<\/p>\n<p>V\/D Mode \u2013 communication simultan\u00e9e voix \/ donn\u00e9es.<br \/>\nVoice FR Mode (Mode Full Voice Rate) &#8211; mode vocal en plein d\u00e9bit.<br \/>\nData FR Mode \u2013 transmission de donn\u00e9es \u00e0 haute vitesse.<br \/>\nAnalog FM Mode \u2013 transmission en modulation de fr\u00e9quence \u00ab\u00a0F3E\u00a0\u00bb analogique.<\/p>\n","protected":false},"excerpt":{"rendered":"<p>Le C4FM est un mode propri\u00e9taire qui appartient \u00e0 Yaesu C4FM Fusion &#8211; (Wires-X = liaison internet)- HAM Radio D\u00e9velopp\u00e9 par Yaesu, fournisseur d\u2019\u00e9quipement radio\u00e9lectrique g\u00e9n\u00e9raliste, bien connu chez les radioamateurs, le syst\u00e8me fusion (C4FM) a d\u2019abord \u00e9t\u00e9 pr\u00e9sent chez <span class=\"excerpt-dots\">&hellip;<\/span> <a class=\"more-link\" href=\"https:\/\/www.hb9lc.ch\/index.php\/technique\/modes-digitaux\/c4fm\/\"><span class=\"more-msg\">Lire la suite &rarr;<\/span><\/a><\/p>\n","protected":false},"author":2,"featured_media":0,"parent":202,"menu_order":0,"comment_status":"closed","ping_status":"closed","template":"","meta":{"footnotes":""},"class_list":["post-205","page","type-page","status-publish","hentry"],"_links":{"self":[{"href":"https:\/\/www.hb9lc.ch\/index.php\/wp-json\/wp\/v2\/pages\/205","targetHints":{"allow":["GET"]}}],"collection":[{"href":"https:\/\/www.hb9lc.ch\/index.php\/wp-json\/wp\/v2\/pages"}],"about":[{"href":"https:\/\/www.hb9lc.ch\/index.php\/wp-json\/wp\/v2\/types\/page"}],"author":[{"embeddable":true,"href":"https:\/\/www.hb9lc.ch\/index.php\/wp-json\/wp\/v2\/users\/2"}],"replies":[{"embeddable":true,"href":"https:\/\/www.hb9lc.ch\/index.php\/wp-json\/wp\/v2\/comments?post=205"}],"version-history":[{"count":2,"href":"https:\/\/www.hb9lc.ch\/index.php\/wp-json\/wp\/v2\/pages\/205\/revisions"}],"predecessor-version":[{"id":274,"href":"https:\/\/www.hb9lc.ch\/index.php\/wp-json\/wp\/v2\/pages\/205\/revisions\/274"}],"up":[{"embeddable":true,"href":"https:\/\/www.hb9lc.ch\/index.php\/wp-json\/wp\/v2\/pages\/202"}],"wp:attachment":[{"href":"https:\/\/www.hb9lc.ch\/index.php\/wp-json\/wp\/v2\/media?parent=205"}],"curies":[{"name":"wp","href":"https:\/\/api.w.org\/{rel}","templated":true}]}}