{"id":1136,"date":"2024-02-10T15:45:51","date_gmt":"2024-02-10T13:45:51","guid":{"rendered":"https:\/\/www.hb9lc.ch\/?page_id=1136"},"modified":"2024-02-10T16:36:53","modified_gmt":"2024-02-10T14:36:53","slug":"dx-pedition","status":"publish","type":"page","link":"https:\/\/www.hb9lc.ch\/index.php\/pratiques-radio\/dx-pedition\/","title":{"rendered":"DX-pedition"},"content":{"rendered":"<div id=\"attachment_1152\" style=\"width: 310px\" class=\"wp-caption alignright\"><img loading=\"lazy\" decoding=\"async\" aria-describedby=\"caption-attachment-1152\" class=\"size-medium wp-image-1152\" src=\"https:\/\/www.hb9lc.ch\/wp-content\/uploads\/2024\/02\/DXpendition-300x226.png\" alt=\"\" width=\"300\" height=\"226\" srcset=\"https:\/\/www.hb9lc.ch\/wp-content\/uploads\/2024\/02\/DXpendition-300x226.png 300w, https:\/\/www.hb9lc.ch\/wp-content\/uploads\/2024\/02\/DXpendition.png 565w\" sizes=\"auto, (max-width: 300px) 100vw, 300px\" \/><p id=\"caption-attachment-1152\" class=\"wp-caption-text\">DXpedition<\/p><\/div>\n<p>Une <b>DX-pedition<\/b> est une exp\u00e9dition lointaine effectu\u00e9e par des op\u00e9rateurs <a title=\"Radioamateur\" href=\"https:\/\/fr.wikipedia.org\/wiki\/Radioamateur\">radioamateurs<\/a>, souvent li\u00e9e aux restrictions d&rsquo;acc\u00e8s ou \u00e0 l&rsquo;absence de radioamateur actif dans ces lieux. Le sigle t\u00e9l\u00e9graphique <a title=\"DXing\" href=\"https:\/\/fr.wikipedia.org\/wiki\/DXing\">DX<\/a> repr\u00e9sente la distance ou l&rsquo;\u00e9loignement.<\/p>\n<p>Quelques liens en rapport:<\/p>\n<p><a href=\"https:\/\/www.hamradioweb.org\/forums\" target=\"_blank\" rel=\"noopener\">www.hamradioweb.org<\/a><\/p>\n<p><a href=\"https:\/\/www.ham365.net\/Dxpeditions\" target=\"_blank\" rel=\"noopener\">www.ham365.net\/Dxpeditions<\/a><\/p>\n<p><a href=\"https:\/\/dxnews.com\/calendar\/\" target=\"_blank\" rel=\"noopener\">www.dxnews.com\/calendar\/<\/a><\/p>\n","protected":false},"excerpt":{"rendered":"<p>Une DX-pedition est une exp\u00e9dition lointaine effectu\u00e9e par des op\u00e9rateurs radioamateurs, souvent li\u00e9e aux restrictions d&rsquo;acc\u00e8s ou \u00e0 l&rsquo;absence de radioamateur actif dans ces lieux. Le sigle t\u00e9l\u00e9graphique DX repr\u00e9sente la distance ou l&rsquo;\u00e9loignement. Quelques liens en rapport: www.hamradioweb.org www.ham365.net\/Dxpeditions <span class=\"excerpt-dots\">&hellip;<\/span> <a class=\"more-link\" href=\"https:\/\/www.hb9lc.ch\/index.php\/pratiques-radio\/dx-pedition\/\"><span class=\"more-msg\">Lire la suite &rarr;<\/span><\/a><\/p>\n","protected":false},"author":2,"featured_media":0,"parent":288,"menu_order":3,"comment_status":"closed","ping_status":"closed","template":"","meta":{"footnotes":""},"class_list":["post-1136","page","type-page","status-publish","hentry"],"_links":{"self":[{"href":"https:\/\/www.hb9lc.ch\/index.php\/wp-json\/wp\/v2\/pages\/1136","targetHints":{"allow":["GET"]}}],"collection":[{"href":"https:\/\/www.hb9lc.ch\/index.php\/wp-json\/wp\/v2\/pages"}],"about":[{"href":"https:\/\/www.hb9lc.ch\/index.php\/wp-json\/wp\/v2\/types\/page"}],"author":[{"embeddable":true,"href":"https:\/\/www.hb9lc.ch\/index.php\/wp-json\/wp\/v2\/users\/2"}],"replies":[{"embeddable":true,"href":"https:\/\/www.hb9lc.ch\/index.php\/wp-json\/wp\/v2\/comments?post=1136"}],"version-history":[{"count":2,"href":"https:\/\/www.hb9lc.ch\/index.php\/wp-json\/wp\/v2\/pages\/1136\/revisions"}],"predecessor-version":[{"id":1153,"href":"https:\/\/www.hb9lc.ch\/index.php\/wp-json\/wp\/v2\/pages\/1136\/revisions\/1153"}],"up":[{"embeddable":true,"href":"https:\/\/www.hb9lc.ch\/index.php\/wp-json\/wp\/v2\/pages\/288"}],"wp:attachment":[{"href":"https:\/\/www.hb9lc.ch\/index.php\/wp-json\/wp\/v2\/media?parent=1136"}],"curies":[{"name":"wp","href":"https:\/\/api.w.org\/{rel}","templated":true}]}}